{"id":10,"date":"2016-01-14T16:10:33","date_gmt":"2016-01-14T15:10:33","guid":{"rendered":"http:\/\/www.parforcehorn2.ch\/?page_id=10"},"modified":"2022-03-18T17:32:02","modified_gmt":"2022-03-18T16:32:02","slug":"mundstuecke","status":"publish","type":"page","link":"https:\/\/www.parforcehorn.ch\/?page_id=10","title":{"rendered":"Mundst\u00fccke"},"content":{"rendered":"<table style=\"border-bottom:1px solid #525252;\">\n<tbody>\n<tr>\n<td style=\"width:34%;font-weight:bold;\">instrument<\/td>\n<td style=\"width:22%;font-weight:bold;\">Material<\/td>\n<td style=\"width:22%;font-weight:bold;\">Oberfl\u00e4che<\/td>\n<td style=\"width:22%;font-weight:bold;\">Schaft<\/td>\n<\/tr>\n<tr>\n<td style=\"width:34%;\">F\u00fcrst Plesshorn<\/td>\n<td style=\"width:22%;\">Messing<\/td>\n<td style=\"width:22%;\">versilbert<\/td>\n<td style=\"width:22%;\">Standard<\/td>\n<\/tr>\n<tr>\n<td style=\"width:34%;\">Parforce-Horn (PA)<\/td>\n<td style=\"width:22%;\">Messing<\/td>\n<td style=\"width:22%;\">versilbert<\/td>\n<td style=\"width:22%;\">W-Schaft 9,0mm<\/td>\n<\/tr>\n<tr>\n<td style=\"width:34%;\">Parforce-Horn (PE)<\/td>\n<td style=\"width:22%;\">Messing<\/td>\n<td style=\"width:22%;\">versilbert<\/td>\n<td style=\"width:22%;\">E-Schaft 7,5mm<\/td>\n<td><\/td>\n<\/tr>\n<\/tbody>\n<\/table>\n<table <tr=\"\">\n<tbody>\n<tr>\n<td colspan=\"4\">\nEines sei an dieser Stelle vorweggenommen:<br \/>\nEin Mundst\u00fcck entbindet den Bl\u00e4ser nicht vom regelm\u00e4ssigen Ueben.<br \/>\nSie werden jedoch feststellen, dass ein Mundst\u00fcck, je nach Anforderung welche Sie daran stellen, Sie sehr wohl im Spiel unterst\u00fctzen kann.<br \/>\nAls Faustregel kann man annehmen, dass ein tiefer Kessel die tiefen Register und ein flacher Kessel mehr die hohen Register erleichtert. Eine Patentl\u00f6sung allerdings gibt es daf\u00fcr nicht. Nur mit Testen k\u00f6nnen Sie jenes Mundst\u00fcck finden, welches Ihnen am besten zusagt.<br \/>\nBeim F\u00fcrst-Plesshorn werden oft Trompeten- Mundst\u00fccke verwendet. Dies ist nicht zu empfehlen, da der Schaft l\u00e4nger ist als bei einem richtigen F\u00fcrst-Plesshorn Mundst\u00fcck. Der l\u00e4ngere Schaft kann sich nachteilig auf die Stimmung Ihres Instrumentes auswirken.<\/td>\n<\/tr>\n<\/tbody>\n<\/table>\n<table>\n<tbody>\n<tr>\n<td><img decoding=\"async\" src=\"http:\/\/www.parforcehorn.ch\/wp-content\/uploads\/2016\/01\/Mundst8.gif\" alt=\"Jagdhornmundstuecke\"><\/td>\n<\/tr>\n<\/tbody>\n<\/table>\n","protected":false},"excerpt":{"rendered":"<p>instrument Material Oberfl\u00e4che Schaft F\u00fcrst Plesshorn Messing versilbert Standard Parforce-Horn (PA) Messing versilbert W-Schaft 9,0mm Parforce-Horn (PE) Messing versilbert E-Schaft 7,5mm<\/p>\n","protected":false},"author":1,"featured_media":0,"parent":0,"menu_order":0,"comment_status":"closed","ping_status":"closed","template":"","meta":{"footnotes":""},"class_list":["post-10","page","type-page","status-publish","hentry"],"_links":{"self":[{"href":"https:\/\/www.parforcehorn.ch\/index.php?rest_route=\/wp\/v2\/pages\/10","targetHints":{"allow":["GET"]}}],"collection":[{"href":"https:\/\/www.parforcehorn.ch\/index.php?rest_route=\/wp\/v2\/pages"}],"about":[{"href":"https:\/\/www.parforcehorn.ch\/index.php?rest_route=\/wp\/v2\/types\/page"}],"author":[{"embeddable":true,"href":"https:\/\/www.parforcehorn.ch\/index.php?rest_route=\/wp\/v2\/users\/1"}],"replies":[{"embeddable":true,"href":"https:\/\/www.parforcehorn.ch\/index.php?rest_route=%2Fwp%2Fv2%2Fcomments&post=10"}],"version-history":[{"count":19,"href":"https:\/\/www.parforcehorn.ch\/index.php?rest_route=\/wp\/v2\/pages\/10\/revisions"}],"predecessor-version":[{"id":147,"href":"https:\/\/www.parforcehorn.ch\/index.php?rest_route=\/wp\/v2\/pages\/10\/revisions\/147"}],"wp:attachment":[{"href":"https:\/\/www.parforcehorn.ch\/index.php?rest_route=%2Fwp%2Fv2%2Fmedia&parent=10"}],"curies":[{"name":"wp","href":"https:\/\/api.w.org\/{rel}","templated":true}]}}