{"id":16,"date":"2016-01-14T16:11:27","date_gmt":"2016-01-14T15:11:27","guid":{"rendered":"http:\/\/www.parforcehorn2.ch\/?page_id=16"},"modified":"2016-02-05T17:04:47","modified_gmt":"2016-02-05T16:04:47","slug":"impressum","status":"publish","type":"page","link":"https:\/\/www.parforcehorn.ch\/?page_id=16","title":{"rendered":"Impressum"},"content":{"rendered":"<table style=\"border-bottom:10px solid #ffdd22;\" border=\"0\" cellspacing=\"0\" cellpadding=\"0\">\n<tbody>\n<tr>\n<td colspan=\"2\">A. Marcandella AG<br \/>\nKesselstrasse 4<br \/>\nCH-8200 Schaffhausen<\/td>\n<\/tr>\n<\/tbody>\n<\/table>\n<table style=\"background-color:#dddddd;border-bottom:10px solid #ffdd22;\">\n<tr>\n<td width=\"20%\">Tf<\/td>\n<td width=\"80%\">+41 52  634 00 00<\/td>\n<\/tr>\n<tr>\n<td width=\"20%\">EMail<\/td>\n<td width=\"80%\">\n<p>\n<script language=\"JavaScript\">\ndocument.write('<a href=\"mailto:office' + '@' + 'marcandella.ch\">' + '<font color=\"#525252\">office@marcandella.ch<\\\/font><\\\/a>');\n<\/script>\n<\/p>\n<\/td>\n<\/tr>\n<\/table>\n<table style=\"background-color:#cccccc;\">\n<tr>\n<td valign=\"top\" width=\"20%\"><span style=\"font-family: Arial;\"><b>Links<\/b><\/span><\/td>\n<td valign=\"top\" width=\"80%\">\nWir haben auf verschiedenen Seiten dieser<br \/>\nWebSite Links zu anderen Seiten im Internet gelegt. F\u00fcr alle diese Links m\u00f6chten wir ausdr\u00fccklich festhalten, dass wir keinerlei Einfluss auf die Gestaltung und die Inhalte der damit erreichten Seiten haben.<br \/>\nWir distanzieren wir uns hiermit ausdr\u00fccklich und formell von allen<br \/>\nInhalten aller gelinkten Seiten auf dieser WebSite und machen uns ihre<br \/>\nInhalte nicht zu Eigen. F\u00fcr diese damit erreichbaren Inhalte ist ausschliesslich der Betreiber<br \/>\nder erreichten Webseiten verantwortlich.\n<\/td>\n<\/tr>\n<\/table>\n<table>\n<tbody>\n<tr>\n<td valign=\"top\" width=\"20%\"><span style=\"font-family: Arial;\"><b>Inhalt<\/b><\/span><\/td>\n<td valign=\"top\" width=\"80%\">Der Betreiber\/Autor dieser Website \u00fcbernimmt keinerlei Gew\u00e4hr f\u00fcr die Aktualit\u00e4t, Korrektheit, Vollst\u00e4ndigkeit oder Qualit\u00e4t der bereitgestellten Informationen. jegliche Haftungsanspr\u00fcche gegen den Autor sind grunds\u00e4tzlich ausgeschlossen.<br \/>\nAlle Angebote sind freibleibend und unverbindlich.<br \/>\nDer Autor beh\u00e4lt es sich ausdr\u00fccklich vor, Teile der Seiten oder das gesamte Angebot ohne gesonderte Ank\u00fcndigung zu ver\u00e4ndern, zu erg\u00e4nzen, zu l\u00f6schen oder die Ver\u00f6ffentlichung zeitweise oder endg\u00fcltig einzustellen.<\/td>\n<\/tr>\n<\/tbody>\n<\/table>\n<table style=\"border-bottom:10px solid #ffdd22;\">\n<tbody>\n<tr>\n<td valign=\"top\" bgcolor=\"#cccccc\" width=\"20%\"><span style=\"font-family: Arial;\"><b>Rechtwirksamkeit<\/b><\/span><br \/>\nHaftungsausschluss<\/td>\n<td valign=\"top\" bgcolor=\"#cccccc\" width=\"80%\">Dieser Haftungsausschluss ist als Teil des Internetangebotes zu betrachten, von dem aus auf diese Seite verwiesen wurde.<br \/>\nSofern Teile oder einzelne Formulierungen dieses Textes der geltenden Rechtslage nicht, nicht mehr oder nicht vollst\u00e4ndig entsprechen sollten, bleiben die \u00fcbrigen Teile des Dokumentes in ihrem Inhalt und ihrer G\u00fcltigkeit davon unber\u00fchrt.<\/td>\n<\/tr>\n<\/tbody>\n<\/table>\n","protected":false},"excerpt":{"rendered":"<p>A. Marcandella AG Kesselstrasse 4 CH-8200 Schaffhausen Tf +41 52 634 00 00 EMail Links Wir haben auf verschiedenen Seiten dieser WebSite Links zu anderen Seiten im Internet gelegt. F\u00fcr alle diese Links m\u00f6chten wir ausdr\u00fccklich festhalten, dass wir keinerlei Einfluss auf die Gestaltung und die Inhalte der damit erreichten Seiten haben. Wir distanzieren wir &hellip; <a href=\"https:\/\/www.parforcehorn.ch\/?page_id=16\" class=\"more-link\"><span class=\"screen-reader-text\">Impressum<\/span> weiterlesen <span class=\"meta-nav\">&rarr;<\/span><\/a><\/p>\n","protected":false},"author":1,"featured_media":0,"parent":0,"menu_order":0,"comment_status":"closed","ping_status":"closed","template":"","meta":{"footnotes":""},"class_list":["post-16","page","type-page","status-publish","hentry"],"_links":{"self":[{"href":"https:\/\/www.parforcehorn.ch\/index.php?rest_route=\/wp\/v2\/pages\/16","targetHints":{"allow":["GET"]}}],"collection":[{"href":"https:\/\/www.parforcehorn.ch\/index.php?rest_route=\/wp\/v2\/pages"}],"about":[{"href":"https:\/\/www.parforcehorn.ch\/index.php?rest_route=\/wp\/v2\/types\/page"}],"author":[{"embeddable":true,"href":"https:\/\/www.parforcehorn.ch\/index.php?rest_route=\/wp\/v2\/users\/1"}],"replies":[{"embeddable":true,"href":"https:\/\/www.parforcehorn.ch\/index.php?rest_route=%2Fwp%2Fv2%2Fcomments&post=16"}],"version-history":[{"count":2,"href":"https:\/\/www.parforcehorn.ch\/index.php?rest_route=\/wp\/v2\/pages\/16\/revisions"}],"predecessor-version":[{"id":101,"href":"https:\/\/www.parforcehorn.ch\/index.php?rest_route=\/wp\/v2\/pages\/16\/revisions\/101"}],"wp:attachment":[{"href":"https:\/\/www.parforcehorn.ch\/index.php?rest_route=%2Fwp%2Fv2%2Fmedia&parent=16"}],"curies":[{"name":"wp","href":"https:\/\/api.w.org\/{rel}","templated":true}]}}