{"id":24,"date":"2016-01-14T16:12:51","date_gmt":"2016-01-14T15:12:51","guid":{"rendered":"http:\/\/www.parforcehorn2.ch\/?page_id=24"},"modified":"2016-12-27T15:13:46","modified_gmt":"2016-12-27T14:13:46","slug":"fuerst-pless-horn-2-windig","status":"publish","type":"page","link":"https:\/\/www.parforcehorn.ch\/?page_id=24","title":{"rendered":"F\u00fcrst Pless Horn"},"content":{"rendered":"<table>\n<tr>\n<td style=\"width:20%;\">\n<strong>74-9010<\/strong>\n<\/td>\n<td style=\"width:80%;\">\nOriginal-Modell Goldmessing<br \/>\nechte Lederumwicklung\n<\/td>\n<\/tr>\n<tr>\n<td style=\"width:20%;\">\n<\/td>\n<td style=\"width:80%;\">\nManufaktur-Schallst\u00fcck \u2205 125mm<br \/>\nNeusilberkranz<br \/>\nNeusilber-Stimmzug<br \/>\nKlarlack\n<\/td>\n<\/tr>\n<tr>\n<td colspan=\"2\">\nSolides Gebrauchshorn von grosser Qualit\u00e4t, das sich auch gut f\u00fcr draussen auf der Jagd eignet.\n<\/td>\n<\/tr>\n<\/table>\n<table>\n<tr>\n<td style=\"width:20%;\">\n<strong>74-9015<\/strong>\n<\/td>\n<td style=\"width:80%;\">\nKonzert-Modell Goldmessing<br \/>\nechte Lederumwicklung\n<\/td>\n<\/tr>\n<tr>\n<td style=\"width:20%;\">\n<\/td>\n<td style=\"width:80%;\">\nManufaktur-Schallst\u00fcck  \u2205 125mm<br \/>\nweite Mensur<br \/>\nNeusilberkranz<br \/>\nNeusilber-Stimmzug<br \/>\nleichte kontrollierbare Ansprache<br \/>\nklassischer Hornklang\n<\/td>\n<\/tr>\n<\/table>\n<table>\n<tr>\n<td>\nDas F\u00fcrst-Pless Horn wurde als Gebrauchs- und Signalinstrument eingef\u00fchrt.<br \/>\nEs verdankt den Namen (ab ca 1880)<br \/>\ndem Oberstj\u00e4germeister von Wilhelm I, F\u00fcrst von Pless.\n<\/td>\n<\/tr>\n<\/table>\n","protected":false},"excerpt":{"rendered":"<p>74-9010 Original-Modell Goldmessing echte Lederumwicklung Manufaktur-Schallst\u00fcck \u2205 125mm Neusilberkranz Neusilber-Stimmzug Klarlack Solides Gebrauchshorn von grosser Qualit\u00e4t, das sich auch gut f\u00fcr draussen auf der Jagd eignet. 74-9015 Konzert-Modell Goldmessing echte Lederumwicklung Manufaktur-Schallst\u00fcck \u2205 125mm weite Mensur Neusilberkranz Neusilber-Stimmzug leichte kontrollierbare Ansprache klassischer Hornklang Das F\u00fcrst-Pless Horn wurde als Gebrauchs- und Signalinstrument eingef\u00fchrt. Es verdankt den &hellip; <a href=\"https:\/\/www.parforcehorn.ch\/?page_id=24\" class=\"more-link\"><span class=\"screen-reader-text\">F\u00fcrst Pless Horn<\/span> weiterlesen <span class=\"meta-nav\">&rarr;<\/span><\/a><\/p>\n","protected":false},"author":1,"featured_media":0,"parent":0,"menu_order":0,"comment_status":"closed","ping_status":"closed","template":"","meta":{"footnotes":""},"class_list":["post-24","page","type-page","status-publish","hentry"],"_links":{"self":[{"href":"https:\/\/www.parforcehorn.ch\/index.php?rest_route=\/wp\/v2\/pages\/24","targetHints":{"allow":["GET"]}}],"collection":[{"href":"https:\/\/www.parforcehorn.ch\/index.php?rest_route=\/wp\/v2\/pages"}],"about":[{"href":"https:\/\/www.parforcehorn.ch\/index.php?rest_route=\/wp\/v2\/types\/page"}],"author":[{"embeddable":true,"href":"https:\/\/www.parforcehorn.ch\/index.php?rest_route=\/wp\/v2\/users\/1"}],"replies":[{"embeddable":true,"href":"https:\/\/www.parforcehorn.ch\/index.php?rest_route=%2Fwp%2Fv2%2Fcomments&post=24"}],"version-history":[{"count":13,"href":"https:\/\/www.parforcehorn.ch\/index.php?rest_route=\/wp\/v2\/pages\/24\/revisions"}],"predecessor-version":[{"id":141,"href":"https:\/\/www.parforcehorn.ch\/index.php?rest_route=\/wp\/v2\/pages\/24\/revisions\/141"}],"wp:attachment":[{"href":"https:\/\/www.parforcehorn.ch\/index.php?rest_route=%2Fwp%2Fv2%2Fmedia&parent=24"}],"curies":[{"name":"wp","href":"https:\/\/api.w.org\/{rel}","templated":true}]}}