{"id":8,"date":"2016-01-14T16:10:16","date_gmt":"2016-01-14T15:10:16","guid":{"rendered":"http:\/\/www.parforcehorn2.ch\/?page_id=8"},"modified":"2016-12-27T15:09:42","modified_gmt":"2016-12-27T14:09:42","slug":"parforce-hoerner","status":"publish","type":"page","link":"https:\/\/www.parforcehorn.ch\/?page_id=8","title":{"rendered":"Parforce H\u00f6rner"},"content":{"rendered":"<p>\n<b>Das Parforce-Horn<\/b><br \/>\nDie Parforcejagd bedeutet &#8222;durch St\u00e4rke jagen&#8220; bis zur Ermattung des Wildes mit der Hundemeute auf Rotwild, Damwild und Sauen.<br \/>\nSie wurde im 17. Jahrhundert besonders modern und f\u00fcr sie entwickelte man auch ein grosswindiges Horn, das der Reiter \u00fcber seine Schulter tr\u00e4gt, Kopf und Arm hindurchgesteckt, beide H\u00e4nde frei f\u00fcr die Z\u00fcgelf\u00fchrung.<br \/>\nDer J\u00e4germeister des franz\u00f6sischen K\u00f6nigs Ludwig XV., Marquis des Dampierre, schuf eine grosse Zahl von Kompositionen f\u00fcr die J\u00e4ger zu Pferd und die adligen Jagdherren und G\u00e4ste, die selbst begeistert ins Horn stiessen. Auf ihn f\u00fchrt man sogar das Orchesterhorn zur\u00fcck.<\/p>\n","protected":false},"excerpt":{"rendered":"<p>Das Parforce-Horn Die Parforcejagd bedeutet &#8222;durch St\u00e4rke jagen&#8220; bis zur Ermattung des Wildes mit der Hundemeute auf Rotwild, Damwild und Sauen. Sie wurde im 17. Jahrhundert besonders modern und f\u00fcr sie entwickelte man auch ein grosswindiges Horn, das der Reiter \u00fcber seine Schulter tr\u00e4gt, Kopf und Arm hindurchgesteckt, beide H\u00e4nde frei f\u00fcr die Z\u00fcgelf\u00fchrung. Der &hellip; <a href=\"https:\/\/www.parforcehorn.ch\/?page_id=8\" class=\"more-link\"><span class=\"screen-reader-text\">Parforce H\u00f6rner<\/span> weiterlesen <span class=\"meta-nav\">&rarr;<\/span><\/a><\/p>\n","protected":false},"author":1,"featured_media":0,"parent":0,"menu_order":0,"comment_status":"closed","ping_status":"closed","template":"","meta":{"footnotes":""},"class_list":["post-8","page","type-page","status-publish","hentry"],"_links":{"self":[{"href":"https:\/\/www.parforcehorn.ch\/index.php?rest_route=\/wp\/v2\/pages\/8","targetHints":{"allow":["GET"]}}],"collection":[{"href":"https:\/\/www.parforcehorn.ch\/index.php?rest_route=\/wp\/v2\/pages"}],"about":[{"href":"https:\/\/www.parforcehorn.ch\/index.php?rest_route=\/wp\/v2\/types\/page"}],"author":[{"embeddable":true,"href":"https:\/\/www.parforcehorn.ch\/index.php?rest_route=\/wp\/v2\/users\/1"}],"replies":[{"embeddable":true,"href":"https:\/\/www.parforcehorn.ch\/index.php?rest_route=%2Fwp%2Fv2%2Fcomments&post=8"}],"version-history":[{"count":5,"href":"https:\/\/www.parforcehorn.ch\/index.php?rest_route=\/wp\/v2\/pages\/8\/revisions"}],"predecessor-version":[{"id":138,"href":"https:\/\/www.parforcehorn.ch\/index.php?rest_route=\/wp\/v2\/pages\/8\/revisions\/138"}],"wp:attachment":[{"href":"https:\/\/www.parforcehorn.ch\/index.php?rest_route=%2Fwp%2Fv2%2Fmedia&parent=8"}],"curies":[{"name":"wp","href":"https:\/\/api.w.org\/{rel}","templated":true}]}}